{"id":1352,"date":"2025-11-03T08:51:31","date_gmt":"2025-11-03T07:51:31","guid":{"rendered":"https:\/\/edjeannette.fr\/?post_type=product&#038;p=1352"},"modified":"2026-03-18T18:57:20","modified_gmt":"2026-03-18T17:57:20","slug":"prisonniere-de-ma-liberte","status":"publish","type":"product","link":"https:\/\/edjeannette.fr\/?product=prisonniere-de-ma-liberte","title":{"rendered":"Prisonni\u00e8re de ma libert\u00e9"},"content":{"rendered":"<p>Entre \u00e9v\u00e8nements heureux et \u00e9v\u00e8nements malheureux, l&#8217;histoire de Gabrielle se fond dans le paysage des ann\u00e9es soixante, et le contexte<br \/>\nde l&#8217;\u00e9ducation religieuse de l&#8217;\u00e9poque, bas\u00e9e sur les id\u00e9es re\u00e7ues, les pr\u00e9jug\u00e9s moraux. Comment \u00e9chapper \u00e0 cette emprise, \u00e9viter la<br \/>\nsoumission, et lutter contre la domination des hommes, afin de se r\u00e9aliser ? C&#8217;est le combat men\u00e9 par Gabrielle. Sa qu\u00eate de libert\u00e9 la<br \/>\nconduit \u00e0 affronter tous les obstacles qui se dressent devant elle. Entre les al\u00e9as de la vie et son d\u00e9sir d&#8217;ind\u00e9pendance, parviendra-t-elle \u00e0<br \/>\nreprendre la main sur sa propre existence ?<\/p>\n","protected":false},"excerpt":{"rendered":"<p>Roman<\/p>\n","protected":false},"featured_media":1743,"comment_status":"open","ping_status":"closed","template":"","meta":[],"product_brand":[],"product_cat":[25],"product_tag":[],"class_list":{"0":"post-1352","1":"product","2":"type-product","3":"status-publish","4":"has-post-thumbnail","6":"product_cat-livre","8":"first","9":"instock","10":"taxable","11":"shipping-taxable","12":"purchasable","13":"product-type-simple"},"_links":{"self":[{"href":"https:\/\/edjeannette.fr\/index.php?rest_route=\/wp\/v2\/product\/1352","targetHints":{"allow":["GET"]}}],"collection":[{"href":"https:\/\/edjeannette.fr\/index.php?rest_route=\/wp\/v2\/product"}],"about":[{"href":"https:\/\/edjeannette.fr\/index.php?rest_route=\/wp\/v2\/types\/product"}],"replies":[{"embeddable":true,"href":"https:\/\/edjeannette.fr\/index.php?rest_route=%2Fwp%2Fv2%2Fcomments&post=1352"}],"wp:featuredmedia":[{"embeddable":true,"href":"https:\/\/edjeannette.fr\/index.php?rest_route=\/wp\/v2\/media\/1743"}],"wp:attachment":[{"href":"https:\/\/edjeannette.fr\/index.php?rest_route=%2Fwp%2Fv2%2Fmedia&parent=1352"}],"wp:term":[{"taxonomy":"product_brand","embeddable":true,"href":"https:\/\/edjeannette.fr\/index.php?rest_route=%2Fwp%2Fv2%2Fproduct_brand&post=1352"},{"taxonomy":"product_cat","embeddable":true,"href":"https:\/\/edjeannette.fr\/index.php?rest_route=%2Fwp%2Fv2%2Fproduct_cat&post=1352"},{"taxonomy":"product_tag","embeddable":true,"href":"https:\/\/edjeannette.fr\/index.php?rest_route=%2Fwp%2Fv2%2Fproduct_tag&post=1352"}],"curies":[{"name":"wp","href":"https:\/\/api.w.org\/{rel}","templated":true}]}}