{"id":3,"date":"2025-10-31T17:42:49","date_gmt":"2025-10-31T16:42:49","guid":{"rendered":"https:\/\/edjeannette.fr\/?page_id=3"},"modified":"2025-11-07T11:21:24","modified_gmt":"2025-11-07T10:21:24","slug":"politique-de-confidentialite","status":"publish","type":"page","link":"https:\/\/edjeannette.fr\/?page_id=3","title":{"rendered":"Politique de confidentialit\u00e9"},"content":{"rendered":"\t\t<div data-elementor-type=\"wp-page\" data-elementor-id=\"3\" class=\"elementor elementor-3\">\n\t\t\t\t<div class=\"elementor-element elementor-element-32298f00 e-flex e-con-boxed e-con e-parent\" data-id=\"32298f00\" data-element_type=\"container\" data-e-type=\"container\">\n\t\t\t\t\t<div class=\"e-con-inner\">\n\t\t\t\t<div class=\"elementor-element elementor-element-268ee2bd elementor-widget elementor-widget-text-editor\" data-id=\"268ee2bd\" data-element_type=\"widget\" data-e-type=\"widget\" data-widget_type=\"text-editor.default\">\n\t\t\t\t\t\t\t\t\t\n<p><strong>Politique de vie priv\u00e9e<\/strong><\/p>\n<p>Cette Politique de vie priv\u00e9e d\u00e9crit la mani\u00e8re dont vos informations personnelles sont collect\u00e9es, utilis\u00e9es et partag\u00e9es lorsque vous visitez ou faites un achat sur https:\/\/edjeannette.fr (le \u201cSite\u201d).<\/p>\n<p><strong>INFORMATIONS PERSONNELLES COLLECT<\/strong><strong>\u00c9<\/strong><strong>ES<\/strong><\/p>\n<p>Lorsque vous visitez le Site, nous collectons automatiquement certaines informations sur votre appareil, ainsi que des informations sur votre navigateur, adresse IP, fuseau horaire, et certains cookies sont install\u00e9s sur votre appareil. De plus, lorsque vous naviguez sur le Site, nous collectons des informations sur les pages individuelles ou les produits que vous regardez, ainsi que des informations sur vos interactions avec le Site. Nous r\u00e9f\u00e9rons \u00e0 ces informations collect\u00e9es automatiquement en tant que &#8220;Informations de l&#8217;Appareil&#8221;.<\/p>\n<p>Nous collectons les Informations de l&#8217;Appareil en utilisant les technologies suivantes :<br \/><br \/><\/p>\n<ul>\n<li>Les \u201cCookies\u201d sont des fichiers de donn\u00e9es qui sont plac\u00e9es sur votre appareil et comportent g\u00e9n\u00e9ralement un identifiant anonyme unique. Pour plus d&#8217;informations sur les cookies et comment les supprimer, visitez http:\/\/www.allaboutcookies.org.<\/li>\n<li>Les \u201cLog files\u201d enregistrent les actions effectu\u00e9es sur le Site, et collectent les donn\u00e9es telles que votre adresse IP, navigateur, fournisseur internet, pages d&#8217;arriv\u00e9es \/ de sortie et temps.<\/li>\n<li>Les \u201cWeb beacons,\u201d \u201ctags,\u201d et \u201cpixels\u201d sont des fichiers \u00a0utilis\u00e9s pour enregistrer les informations li\u00e9es \u00e0 votre comportement sur le Site.<\/li>\n<\/ul>\n<p>Lorsque vous effectuez un achat ou une tentative d&#8217;achat sur le Site, nous collectons certaines informations sur vous, incluant votre nom, adresse de facturation, adresse de livraison, informations de paiement (incluant les num\u00e9ros de carte de cr\u00e9dit et informations Paypal), adresse email et num\u00e9ro de t\u00e9l\u00e9phone. Nous r\u00e9f\u00e9rens \u00e0 ces informations en tant que &#8220;Informations de Commande&#8221;.<\/p>\n<p>Lorsque nous parlons d'&#8221;Informations Personnelles&#8221; dans cette Politique de vie priv\u00e9e, nous parlons \u00e0 la fois des Informations de l&#8217;Appareil et des Informations de Commande.<\/p>\n<p><strong>COMMENT EST-CE QUE NOUS UTILISONS LES INFORMATIONS PERSONNELLES ?<\/strong><\/p>\n<p>Nous utilisons les Informations de Commande pour r\u00e9pondre aux commandes pass\u00e9es sur le Site (incluant le processus de paiement, l&#8217;organisation de la livraison et la fourniture de factures et de confirmations de commandes). Nous utilisons \u00e9galement ces informations pour :<\/p>\n<ul>\n<li>Communiquer avec vous ;<\/li>\n<li>Analysez vos commandes pour un potentiel risque ou une arnaque ; et<\/li>\n<li>En lien avec les pr\u00e9f\u00e9rences que vous avez partag\u00e9 avec nous, vous fournir des informations ou des publicit\u00e9s li\u00e9es \u00e0 nos produits et services.<\/li>\n<li>Nous utilisons les Informations de l&#8217;Appareil pour identifier des risques potentiels de fraude, et plus g\u00e9n\u00e9ralement pour am\u00e9liorer et optimiser notre Site.<\/li>\n<\/ul>\n<p><strong>PARTAGE DE VOS INFORMATIONS PERSONNELLES<\/strong><\/p>\n<p>Nous partageons vos Informations Personnelles avec des tiers afin de nous aider \u00e0 les analyser. Par exemple, nous utilisons Google Analytics pour nous aider \u00e0 comprendre comment nos utilisateurs utilisent notre Site. Vous pouvez en savoir plus sur comment Google utilise vos Informations Personnelles ici :<\/p>\n<p><em>https:\/\/www.google.com\/intl\/en\/policies\/privacy<\/em><\/p>\n<p>Vous pouvez \u00e9galement d\u00e9sactiver Google Analytics en refusant l&#8217;utilisation de vos donn\u00e9es dans notre barre de cookies.<br \/><br \/><\/p>\n<p>Finalement, nous pouvons \u00e9galement partager vos Informations Personnelles afin de r\u00e9pondre \u00e0 des r\u00e8gles et lois afin de r\u00e9pondre \u00e0 d&#8217;\u00e9ventuels mandats de recherche ou autre demande l\u00e9gale que nous recevons.<\/p>\n<p><strong>NE PAS SUIVRE<\/strong><\/p>\n<p>Veuille noter que nous ne modifions pas le syst\u00e8me de collecte de donn\u00e9es de notre Site si nous voyons un signal Ne Pas Suivre provenant de votre navigateur.<\/p>\n<p><strong>VOS DROITS<\/strong><\/p>\n<p>Si vous \u00eates un r\u00e9sident Europ\u00e9en, vous avez le droit d&#8217;acc\u00e9der aux informations personnelles que nous avons sur vous et de nous demander de les corriger, les mettre \u00e0 jour ou les supprimer. Si vous d\u00e9sirez exercer ce droit, contactez-nous en utilisant les informations de contact d\u00e9crites plus bas.<\/p>\n<p>De plus, si vous \u00eates un r\u00e9sident Europ\u00e9en, notez que nous utiliserons vos informations afin de remplir un contrat que nous avons avec vous (par exemple une commande pass\u00e9e sur le Site).<\/p>\n<p><strong>SAUVEGARDE DE DONN<\/strong><strong>\u00c9<\/strong><strong>ES<\/strong><\/p>\n<p>Lorsque vous placez une commande sur le Site, nous conserverons vos Informations de Commande pour notre historique, \u00e0 moins que vous nous demandiez de supprimer ces informations.<\/p>\n<p><strong>CHANGEMENTS<\/strong><\/p>\n<p>Nous pouvons mettre \u00e0 jour cette Politique de vie priv\u00e9e de temps en temps afin de l&#8217;adapter \u00e0 notre pratiques op\u00e9rationnelles ou \u00e0 des raisons d&#8217;ordre l\u00e9gal.<\/p>\n<p><strong>CONTACTEZ-NOUS<\/strong><\/p>\n<p>Pour plus d&#8217;informations, si vous avez des questions ou si vous d\u00e9sirez d\u00e9poser une demande ou une plainte, veuillez nous contacter par email \u00e0 contact@edjeannette.fr<\/p>\t\t\t\t\t\t\t\t<\/div>\n\t\t\t\t\t<\/div>\n\t\t\t\t<\/div>\n\t\t\t\t<\/div>\n\t\t","protected":false},"excerpt":{"rendered":"<p>Politique de vie priv\u00e9e Cette Politique de vie priv\u00e9e d\u00e9crit la mani\u00e8re dont vos informations personnelles sont collect\u00e9es, utilis\u00e9es et partag\u00e9es lorsque vous visitez ou faites un achat sur https:\/\/edjeannette.fr (le \u201cSite\u201d). INFORMATIONS PERSONNELLES COLLECT\u00c9ES Lorsque vous visitez le Site, nous collectons automatiquement certaines informations sur votre appareil, ainsi que des informations sur votre navigateur, [&hellip;]<\/p>\n","protected":false},"author":1,"featured_media":0,"parent":0,"menu_order":0,"comment_status":"closed","ping_status":"open","template":"","meta":{"footnotes":""},"class_list":["post-3","page","type-page","status-publish","hentry"],"blocksy_meta":[],"_links":{"self":[{"href":"https:\/\/edjeannette.fr\/index.php?rest_route=\/wp\/v2\/pages\/3","targetHints":{"allow":["GET"]}}],"collection":[{"href":"https:\/\/edjeannette.fr\/index.php?rest_route=\/wp\/v2\/pages"}],"about":[{"href":"https:\/\/edjeannette.fr\/index.php?rest_route=\/wp\/v2\/types\/page"}],"author":[{"embeddable":true,"href":"https:\/\/edjeannette.fr\/index.php?rest_route=\/wp\/v2\/users\/1"}],"replies":[{"embeddable":true,"href":"https:\/\/edjeannette.fr\/index.php?rest_route=%2Fwp%2Fv2%2Fcomments&post=3"}],"version-history":[{"count":3,"href":"https:\/\/edjeannette.fr\/index.php?rest_route=\/wp\/v2\/pages\/3\/revisions"}],"predecessor-version":[{"id":1426,"href":"https:\/\/edjeannette.fr\/index.php?rest_route=\/wp\/v2\/pages\/3\/revisions\/1426"}],"wp:attachment":[{"href":"https:\/\/edjeannette.fr\/index.php?rest_route=%2Fwp%2Fv2%2Fmedia&parent=3"}],"curies":[{"name":"wp","href":"https:\/\/api.w.org\/{rel}","templated":true}]}}